{"id":660,"date":"2022-10-27T20:10:39","date_gmt":"2022-10-27T20:10:39","guid":{"rendered":"https:\/\/staging.bl.is\/?post_type=product&#038;p=660"},"modified":"2022-10-27T20:10:40","modified_gmt":"2022-10-27T20:10:40","slug":"invicta-trekky-rafhjol","status":"publish","type":"product","link":"https:\/\/staging.bl.is\/?product=invicta-trekky-rafhjol","title":{"rendered":"Invicta Trekky rafhj\u00f3l"},"content":{"rendered":"<p><strong>Hj\u00f3lin eru lent, s\u00fdningareint\u00f6k til sta\u00f0ar \u00ed s\u00fdningarsal okkar \u00e1 S\u00e6varh\u00f6f\u00f0a 2.<\/strong><\/p>\n<p>Rafhj\u00f3l \u00e1 fr\u00e1b\u00e6ru ver\u00f0i. Kemur me\u00f0 standara og bj\u00f6llu tilb\u00fai\u00f0 \u00ed fer\u00f0alagi\u00f0.<\/p>\n<ul>\n<li>\u00c1lstell<\/li>\n<li>Diskabremsur<\/li>\n<li>Uppl\u00fdsingaskj\u00e1r<\/li>\n<li>Lj\u00f3s, bjalla og standari<\/li>\n<li>Dr\u00e6gni: allt a\u00f0 70km<\/li>\n<li>700C28 dekk<\/li>\n<li>Allt a\u00f0 25km h\u00e1markshra\u00f0i<\/li>\n<li>Hle\u00f0slut\u00edmi 4-6 t\u00edmar<\/li>\n<li>350 W rafm\u00f3tor<\/li>\n<li>7 g\u00edrar<\/li>\n<li>112 kg bur\u00f0argeta 112 kg<\/li>\n<li>\u00deyngd: 19kg<\/li>\n<\/ul>\n<p>&nbsp;<\/p>\n<p>Athugi\u00f0 a\u00f0 hj\u00f3li\u00f0 er undan\u00feegi\u00f0 vir\u00f0isaukaskatti.<\/p>\n","protected":false},"excerpt":{"rendered":"<p>Hj\u00f3lin eru lent, s\u00fdningareint\u00f6k til sta\u00f0ar \u00ed s\u00fdningarsal okkar \u00e1 S\u00e6varh\u00f6f\u00f0a 2. Rafhj\u00f3l \u00e1 fr\u00e1b\u00e6ru ver\u00f0i. Kemur me\u00f0 standara og bj\u00f6llu tilb\u00fai\u00f0 \u00ed fer\u00f0alagi\u00f0. \u00c1lstell Diskabremsur Uppl\u00fdsingaskj\u00e1r Lj\u00f3s, bjalla og standari Dr\u00e6gni: allt a\u00f0 70km 700C28 dekk Allt a\u00f0 25km h\u00e1markshra\u00f0i Hle\u00f0slut\u00edmi 4-6 t\u00edmar 350 W rafm\u00f3tor 7 g\u00edrar 112 kg bur\u00f0argeta 112 kg \u00deyngd: [&hellip;]<\/p>\n","protected":false},"featured_media":669,"template":"","meta":[],"product_cat":[32],"product_tag":[],"class_list":{"0":"post-660","1":"product","2":"type-product","3":"status-publish","4":"has-post-thumbnail","6":"product_cat-rafhjol","8":"first","9":"instock","10":"taxable","11":"shipping-taxable","12":"purchasable","13":"product-type-simple"},"yoast_head":"<!-- This site is optimized with the Yoast SEO plugin v19.10 - https:\/\/yoast.com\/wordpress\/plugins\/seo\/ -->\n<title>Invicta Trekky rafhj\u00f3l - Vefverslun BL<\/title>\n<meta name=\"robots\" content=\"noindex, follow, max-snippet:-1, max-image-preview:large, max-video-preview:-1\" \/>\n<meta property=\"og:locale\" content=\"is_IS\" \/>\n<meta property=\"og:type\" content=\"article\" \/>\n<meta property=\"og:title\" content=\"Invicta Trekky rafhj\u00f3l - Vefverslun BL\" \/>\n<meta property=\"og:description\" content=\"Hj\u00f3lin eru lent, s\u00fdningareint\u00f6k til sta\u00f0ar \u00ed s\u00fdningarsal okkar \u00e1 S\u00e6varh\u00f6f\u00f0a 2. Rafhj\u00f3l \u00e1 fr\u00e1b\u00e6ru ver\u00f0i. Kemur me\u00f0 standara og bj\u00f6llu tilb\u00fai\u00f0 \u00ed fer\u00f0alagi\u00f0. \u00c1lstell Diskabremsur Uppl\u00fdsingaskj\u00e1r Lj\u00f3s, bjalla og standari Dr\u00e6gni: allt a\u00f0 70km 700C28 dekk Allt a\u00f0 25km h\u00e1markshra\u00f0i Hle\u00f0slut\u00edmi 4-6 t\u00edmar 350 W rafm\u00f3tor 7 g\u00edrar 112 kg bur\u00f0argeta 112 kg \u00deyngd: [&hellip;]\" \/>\n<meta property=\"og:url\" content=\"https:\/\/staging.bl.is\/?product=invicta-trekky-rafhjol\" \/>\n<meta property=\"og:site_name\" content=\"Vefverslun BL\" \/>\n<meta property=\"article:modified_time\" content=\"2022-10-27T20:10:40+00:00\" \/>\n<meta name=\"twitter:card\" content=\"summary_large_image\" \/>\n<script type=\"application\/ld+json\" class=\"yoast-schema-graph\">{\"@context\":\"https:\/\/schema.org\",\"@graph\":[{\"@type\":\"WebPage\",\"@id\":\"https:\/\/staging.bl.is\/?product=invicta-trekky-rafhjol\",\"url\":\"https:\/\/staging.bl.is\/?product=invicta-trekky-rafhjol\",\"name\":\"Invicta Trekky rafhj\u00f3l - Vefverslun BL\",\"isPartOf\":{\"@id\":\"https:\/\/staging.bl.is\/#website\"},\"datePublished\":\"2022-10-27T20:10:39+00:00\",\"dateModified\":\"2022-10-27T20:10:40+00:00\",\"breadcrumb\":{\"@id\":\"https:\/\/staging.bl.is\/?product=invicta-trekky-rafhjol#breadcrumb\"},\"inLanguage\":\"is\",\"potentialAction\":[{\"@type\":\"ReadAction\",\"target\":[\"https:\/\/staging.bl.is\/?product=invicta-trekky-rafhjol\"]}]},{\"@type\":\"BreadcrumbList\",\"@id\":\"https:\/\/staging.bl.is\/?product=invicta-trekky-rafhjol#breadcrumb\",\"itemListElement\":[{\"@type\":\"ListItem\",\"position\":1,\"name\":\"Home\",\"item\":\"https:\/\/staging.bl.is\/\"},{\"@type\":\"ListItem\",\"position\":2,\"name\":\"Shop\",\"item\":\"https:\/\/staging.bl.is\/?page_id=6\"},{\"@type\":\"ListItem\",\"position\":3,\"name\":\"Invicta Trekky rafhj\u00f3l\"}]},{\"@type\":\"WebSite\",\"@id\":\"https:\/\/staging.bl.is\/#website\",\"url\":\"https:\/\/staging.bl.is\/\",\"name\":\"Vefverslun BL\",\"description\":\"Vefverslun BL\",\"publisher\":{\"@id\":\"https:\/\/staging.bl.is\/#organization\"},\"potentialAction\":[{\"@type\":\"SearchAction\",\"target\":{\"@type\":\"EntryPoint\",\"urlTemplate\":\"https:\/\/staging.bl.is\/?s={search_term_string}\"},\"query-input\":\"required name=search_term_string\"}],\"inLanguage\":\"is\"},{\"@type\":\"Organization\",\"@id\":\"https:\/\/staging.bl.is\/#organization\",\"name\":\"Vefverslun BL\",\"url\":\"https:\/\/staging.bl.is\/\",\"logo\":{\"@type\":\"ImageObject\",\"inLanguage\":\"is\",\"@id\":\"https:\/\/staging.bl.is\/#\/schema\/logo\/image\/\",\"url\":\"https:\/\/staging.bl.is\/wp-content\/uploads\/2022\/10\/BL_Logo_75x48.png\",\"contentUrl\":\"https:\/\/staging.bl.is\/wp-content\/uploads\/2022\/10\/BL_Logo_75x48.png\",\"width\":75,\"height\":48,\"caption\":\"Vefverslun BL\"},\"image\":{\"@id\":\"https:\/\/staging.bl.is\/#\/schema\/logo\/image\/\"}}]}<\/script>\n<!-- \/ Yoast SEO plugin. -->","yoast_head_json":{"title":"Invicta Trekky rafhj\u00f3l - Vefverslun BL","robots":{"index":"noindex","follow":"follow","max-snippet":"max-snippet:-1","max-image-preview":"max-image-preview:large","max-video-preview":"max-video-preview:-1"},"og_locale":"is_IS","og_type":"article","og_title":"Invicta Trekky rafhj\u00f3l - Vefverslun BL","og_description":"Hj\u00f3lin eru lent, s\u00fdningareint\u00f6k til sta\u00f0ar \u00ed s\u00fdningarsal okkar \u00e1 S\u00e6varh\u00f6f\u00f0a 2. Rafhj\u00f3l \u00e1 fr\u00e1b\u00e6ru ver\u00f0i. Kemur me\u00f0 standara og bj\u00f6llu tilb\u00fai\u00f0 \u00ed fer\u00f0alagi\u00f0. \u00c1lstell Diskabremsur Uppl\u00fdsingaskj\u00e1r Lj\u00f3s, bjalla og standari Dr\u00e6gni: allt a\u00f0 70km 700C28 dekk Allt a\u00f0 25km h\u00e1markshra\u00f0i Hle\u00f0slut\u00edmi 4-6 t\u00edmar 350 W rafm\u00f3tor 7 g\u00edrar 112 kg bur\u00f0argeta 112 kg \u00deyngd: [&hellip;]","og_url":"https:\/\/staging.bl.is\/?product=invicta-trekky-rafhjol","og_site_name":"Vefverslun BL","article_modified_time":"2022-10-27T20:10:40+00:00","twitter_card":"summary_large_image","schema":{"@context":"https:\/\/schema.org","@graph":[{"@type":"WebPage","@id":"https:\/\/staging.bl.is\/?product=invicta-trekky-rafhjol","url":"https:\/\/staging.bl.is\/?product=invicta-trekky-rafhjol","name":"Invicta Trekky rafhj\u00f3l - Vefverslun BL","isPartOf":{"@id":"https:\/\/staging.bl.is\/#website"},"datePublished":"2022-10-27T20:10:39+00:00","dateModified":"2022-10-27T20:10:40+00:00","breadcrumb":{"@id":"https:\/\/staging.bl.is\/?product=invicta-trekky-rafhjol#breadcrumb"},"inLanguage":"is","potentialAction":[{"@type":"ReadAction","target":["https:\/\/staging.bl.is\/?product=invicta-trekky-rafhjol"]}]},{"@type":"BreadcrumbList","@id":"https:\/\/staging.bl.is\/?product=invicta-trekky-rafhjol#breadcrumb","itemListElement":[{"@type":"ListItem","position":1,"name":"Home","item":"https:\/\/staging.bl.is\/"},{"@type":"ListItem","position":2,"name":"Shop","item":"https:\/\/staging.bl.is\/?page_id=6"},{"@type":"ListItem","position":3,"name":"Invicta Trekky rafhj\u00f3l"}]},{"@type":"WebSite","@id":"https:\/\/staging.bl.is\/#website","url":"https:\/\/staging.bl.is\/","name":"Vefverslun BL","description":"Vefverslun BL","publisher":{"@id":"https:\/\/staging.bl.is\/#organization"},"potentialAction":[{"@type":"SearchAction","target":{"@type":"EntryPoint","urlTemplate":"https:\/\/staging.bl.is\/?s={search_term_string}"},"query-input":"required name=search_term_string"}],"inLanguage":"is"},{"@type":"Organization","@id":"https:\/\/staging.bl.is\/#organization","name":"Vefverslun BL","url":"https:\/\/staging.bl.is\/","logo":{"@type":"ImageObject","inLanguage":"is","@id":"https:\/\/staging.bl.is\/#\/schema\/logo\/image\/","url":"https:\/\/staging.bl.is\/wp-content\/uploads\/2022\/10\/BL_Logo_75x48.png","contentUrl":"https:\/\/staging.bl.is\/wp-content\/uploads\/2022\/10\/BL_Logo_75x48.png","width":75,"height":48,"caption":"Vefverslun BL"},"image":{"@id":"https:\/\/staging.bl.is\/#\/schema\/logo\/image\/"}}]}},"_links":{"self":[{"href":"https:\/\/staging.bl.is\/index.php?rest_route=\/wp\/v2\/product\/660","targetHints":{"allow":["GET"]}}],"collection":[{"href":"https:\/\/staging.bl.is\/index.php?rest_route=\/wp\/v2\/product"}],"about":[{"href":"https:\/\/staging.bl.is\/index.php?rest_route=\/wp\/v2\/types\/product"}],"wp:featuredmedia":[{"embeddable":true,"href":"https:\/\/staging.bl.is\/index.php?rest_route=\/wp\/v2\/media\/669"}],"wp:attachment":[{"href":"https:\/\/staging.bl.is\/index.php?rest_route=%2Fwp%2Fv2%2Fmedia&parent=660"}],"wp:term":[{"taxonomy":"product_cat","embeddable":true,"href":"https:\/\/staging.bl.is\/index.php?rest_route=%2Fwp%2Fv2%2Fproduct_cat&post=660"},{"taxonomy":"product_tag","embeddable":true,"href":"https:\/\/staging.bl.is\/index.php?rest_route=%2Fwp%2Fv2%2Fproduct_tag&post=660"}],"curies":[{"name":"wp","href":"https:\/\/api.w.org\/{rel}","templated":true}]}}