{"id":641,"date":"2022-10-27T20:10:11","date_gmt":"2022-10-27T20:10:11","guid":{"rendered":"https:\/\/staging.bl.is\/?post_type=product&#038;p=641"},"modified":"2022-10-27T20:10:38","modified_gmt":"2022-10-27T20:10:38","slug":"ikamper-skycamp-3-0-mini-rocky-black-matte","status":"publish","type":"product","link":"https:\/\/staging.bl.is\/?product=ikamper-skycamp-3-0-mini-rocky-black-matte","title":{"rendered":"iKamper Skycamp 3.0 Mini &#8211; Rocky Black, Matte"},"content":{"rendered":"<p>&nbsp;<\/p>\n<p>Skycamp 3.0 mini er tveggja manna har\u00f0skeljatjald. 3.0 er \u00feri\u00f0ja kynsl\u00f3\u00f0 af Skycamp l\u00ednunni fr\u00e1 iKamper. En fyrri kynsl\u00f3\u00f0ir hafa unni\u00f0 til margra Red Dot h\u00f6nnunarver\u00f0launana s\u00ed\u00f0ustu \u00e1r. Tjaldi\u00f0 er l\u00edti\u00f0 og passar \u00e1 allar ger\u00f0ir af b\u00edlum st\u00f3rum sem sm\u00e1um, passar einnig vel aftan \u00e1 pallb\u00edla.<\/p>\n<ul>\n<li>Tekur a\u00f0eins 1 m\u00edn\u00fatu a\u00f0 tjalda.<\/li>\n<li>H\u00e6gt a\u00f0 geyma svefnpoka og kodda \u00ed skelinni \u00feegar \u00fe\u00fa fer\u00f0 \u00e1 n\u00e6sta \u00e1fangasta\u00f0.<\/li>\n<li>N\u00fd svefnd\u00fdna (6,5 cm) me\u00f0 9 sv\u00e6\u00f0a svefnstu\u00f0ningi sem dreyfir l\u00edkams\u00feyngd betur og eykur \u00fe\u00e6gindi. Botn d\u00fdnunnar er endurhanna\u00f0ur til a\u00f0 sporna vi\u00f0 myglumyndun \u00ed \u00e1kve\u00f0num a\u00f0st\u00e6\u00f0um.<\/li>\n<li>Fram\u00farskarandi vind og vatnsheldni. Tjaldi\u00f0 er me\u00f0 d\u00f6kkum poly\u2013b\u00f3mullar d\u00fak sem tryggir myrkur og andar vel.<\/li>\n<li>Tjaldi\u00f0 er matt svart \u00e1 litinn.<\/li>\n<li>\u00deriggja laga opnanlegir gluggar \u00ed hli\u00f0um og \u00ed lofti, sem h\u00e6gt er a\u00f0 nota eftir a\u00f0st\u00e6\u00f0um.<\/li>\n<li>Hli\u00f0argluggar endurhanna\u00f0ir me\u00f0 n\u00fdjum rennil\u00e1sum, sem einfaldar a\u00f0 opna og loka \u00f6llum l\u00f6gunum. Einnig h\u00e6gt a\u00f0 nota ysta lag sem gard\u00ednu me\u00f0 einu handtaki innan fr\u00e1.<\/li>\n<li>L\u00e6singar, svo ekki s\u00e9 h\u00e6gt a\u00f0 opna tjaldi\u00f0.<\/li>\n<li>Endurb\u00e6ttir YKK rennil\u00e1sar sem gerir \u00fe\u00e1 b\u00e6\u00f0i sterkari og \u00e1rei\u00f0anlegri.<\/li>\n<\/ul>\n","protected":false},"excerpt":{"rendered":"<p>&nbsp; Skycamp 3.0 mini er tveggja manna har\u00f0skeljatjald. 3.0 er \u00feri\u00f0ja kynsl\u00f3\u00f0 af Skycamp l\u00ednunni fr\u00e1 iKamper. En fyrri kynsl\u00f3\u00f0ir hafa unni\u00f0 til margra Red Dot h\u00f6nnunarver\u00f0launana s\u00ed\u00f0ustu \u00e1r. Tjaldi\u00f0 er l\u00edti\u00f0 og passar \u00e1 allar ger\u00f0ir af b\u00edlum st\u00f3rum sem sm\u00e1um, passar einnig vel aftan \u00e1 pallb\u00edla. Tekur a\u00f0eins 1 m\u00edn\u00fatu a\u00f0 tjalda. H\u00e6gt [&hellip;]<\/p>\n","protected":false},"featured_media":656,"template":"","meta":[],"product_cat":[18],"product_tag":[],"class_list":{"0":"post-641","1":"product","2":"type-product","3":"status-publish","4":"has-post-thumbnail","6":"product_cat-lifstilsvorur","8":"first","9":"outofstock","10":"taxable","11":"shipping-taxable","12":"purchasable","13":"product-type-simple"},"yoast_head":"<!-- This site is optimized with the Yoast SEO plugin v19.10 - https:\/\/yoast.com\/wordpress\/plugins\/seo\/ -->\n<title>iKamper Skycamp 3.0 Mini - Rocky Black, Matte - Vefverslun BL<\/title>\n<meta name=\"robots\" content=\"noindex, follow, max-snippet:-1, max-image-preview:large, max-video-preview:-1\" \/>\n<meta property=\"og:locale\" content=\"is_IS\" \/>\n<meta property=\"og:type\" content=\"article\" \/>\n<meta property=\"og:title\" content=\"iKamper Skycamp 3.0 Mini - Rocky Black, Matte - Vefverslun BL\" \/>\n<meta property=\"og:description\" content=\"&nbsp; Skycamp 3.0 mini er tveggja manna har\u00f0skeljatjald. 3.0 er \u00feri\u00f0ja kynsl\u00f3\u00f0 af Skycamp l\u00ednunni fr\u00e1 iKamper. En fyrri kynsl\u00f3\u00f0ir hafa unni\u00f0 til margra Red Dot h\u00f6nnunarver\u00f0launana s\u00ed\u00f0ustu \u00e1r. Tjaldi\u00f0 er l\u00edti\u00f0 og passar \u00e1 allar ger\u00f0ir af b\u00edlum st\u00f3rum sem sm\u00e1um, passar einnig vel aftan \u00e1 pallb\u00edla. Tekur a\u00f0eins 1 m\u00edn\u00fatu a\u00f0 tjalda. H\u00e6gt [&hellip;]\" \/>\n<meta property=\"og:url\" content=\"https:\/\/staging.bl.is\/?product=ikamper-skycamp-3-0-mini-rocky-black-matte\" \/>\n<meta property=\"og:site_name\" content=\"Vefverslun BL\" \/>\n<meta property=\"article:modified_time\" content=\"2022-10-27T20:10:38+00:00\" \/>\n<meta name=\"twitter:card\" content=\"summary_large_image\" \/>\n<meta name=\"twitter:label1\" content=\"Est. reading time\" \/>\n\t<meta name=\"twitter:data1\" content=\"1 minute\" \/>\n<script type=\"application\/ld+json\" class=\"yoast-schema-graph\">{\"@context\":\"https:\/\/schema.org\",\"@graph\":[{\"@type\":\"WebPage\",\"@id\":\"https:\/\/staging.bl.is\/?product=ikamper-skycamp-3-0-mini-rocky-black-matte\",\"url\":\"https:\/\/staging.bl.is\/?product=ikamper-skycamp-3-0-mini-rocky-black-matte\",\"name\":\"iKamper Skycamp 3.0 Mini - Rocky Black, Matte - Vefverslun BL\",\"isPartOf\":{\"@id\":\"https:\/\/staging.bl.is\/#website\"},\"datePublished\":\"2022-10-27T20:10:11+00:00\",\"dateModified\":\"2022-10-27T20:10:38+00:00\",\"breadcrumb\":{\"@id\":\"https:\/\/staging.bl.is\/?product=ikamper-skycamp-3-0-mini-rocky-black-matte#breadcrumb\"},\"inLanguage\":\"is\",\"potentialAction\":[{\"@type\":\"ReadAction\",\"target\":[\"https:\/\/staging.bl.is\/?product=ikamper-skycamp-3-0-mini-rocky-black-matte\"]}]},{\"@type\":\"BreadcrumbList\",\"@id\":\"https:\/\/staging.bl.is\/?product=ikamper-skycamp-3-0-mini-rocky-black-matte#breadcrumb\",\"itemListElement\":[{\"@type\":\"ListItem\",\"position\":1,\"name\":\"Home\",\"item\":\"https:\/\/staging.bl.is\/\"},{\"@type\":\"ListItem\",\"position\":2,\"name\":\"Shop\",\"item\":\"https:\/\/staging.bl.is\/?page_id=6\"},{\"@type\":\"ListItem\",\"position\":3,\"name\":\"iKamper Skycamp 3.0 Mini &#8211; Rocky Black, Matte\"}]},{\"@type\":\"WebSite\",\"@id\":\"https:\/\/staging.bl.is\/#website\",\"url\":\"https:\/\/staging.bl.is\/\",\"name\":\"Vefverslun BL\",\"description\":\"Vefverslun BL\",\"publisher\":{\"@id\":\"https:\/\/staging.bl.is\/#organization\"},\"potentialAction\":[{\"@type\":\"SearchAction\",\"target\":{\"@type\":\"EntryPoint\",\"urlTemplate\":\"https:\/\/staging.bl.is\/?s={search_term_string}\"},\"query-input\":\"required name=search_term_string\"}],\"inLanguage\":\"is\"},{\"@type\":\"Organization\",\"@id\":\"https:\/\/staging.bl.is\/#organization\",\"name\":\"Vefverslun BL\",\"url\":\"https:\/\/staging.bl.is\/\",\"logo\":{\"@type\":\"ImageObject\",\"inLanguage\":\"is\",\"@id\":\"https:\/\/staging.bl.is\/#\/schema\/logo\/image\/\",\"url\":\"https:\/\/staging.bl.is\/wp-content\/uploads\/2022\/10\/BL_Logo_75x48.png\",\"contentUrl\":\"https:\/\/staging.bl.is\/wp-content\/uploads\/2022\/10\/BL_Logo_75x48.png\",\"width\":75,\"height\":48,\"caption\":\"Vefverslun BL\"},\"image\":{\"@id\":\"https:\/\/staging.bl.is\/#\/schema\/logo\/image\/\"}}]}<\/script>\n<!-- \/ Yoast SEO plugin. -->","yoast_head_json":{"title":"iKamper Skycamp 3.0 Mini - Rocky Black, Matte - Vefverslun BL","robots":{"index":"noindex","follow":"follow","max-snippet":"max-snippet:-1","max-image-preview":"max-image-preview:large","max-video-preview":"max-video-preview:-1"},"og_locale":"is_IS","og_type":"article","og_title":"iKamper Skycamp 3.0 Mini - Rocky Black, Matte - Vefverslun BL","og_description":"&nbsp; Skycamp 3.0 mini er tveggja manna har\u00f0skeljatjald. 3.0 er \u00feri\u00f0ja kynsl\u00f3\u00f0 af Skycamp l\u00ednunni fr\u00e1 iKamper. En fyrri kynsl\u00f3\u00f0ir hafa unni\u00f0 til margra Red Dot h\u00f6nnunarver\u00f0launana s\u00ed\u00f0ustu \u00e1r. Tjaldi\u00f0 er l\u00edti\u00f0 og passar \u00e1 allar ger\u00f0ir af b\u00edlum st\u00f3rum sem sm\u00e1um, passar einnig vel aftan \u00e1 pallb\u00edla. Tekur a\u00f0eins 1 m\u00edn\u00fatu a\u00f0 tjalda. H\u00e6gt [&hellip;]","og_url":"https:\/\/staging.bl.is\/?product=ikamper-skycamp-3-0-mini-rocky-black-matte","og_site_name":"Vefverslun BL","article_modified_time":"2022-10-27T20:10:38+00:00","twitter_card":"summary_large_image","twitter_misc":{"Est. reading time":"1 minute"},"schema":{"@context":"https:\/\/schema.org","@graph":[{"@type":"WebPage","@id":"https:\/\/staging.bl.is\/?product=ikamper-skycamp-3-0-mini-rocky-black-matte","url":"https:\/\/staging.bl.is\/?product=ikamper-skycamp-3-0-mini-rocky-black-matte","name":"iKamper Skycamp 3.0 Mini - Rocky Black, Matte - Vefverslun BL","isPartOf":{"@id":"https:\/\/staging.bl.is\/#website"},"datePublished":"2022-10-27T20:10:11+00:00","dateModified":"2022-10-27T20:10:38+00:00","breadcrumb":{"@id":"https:\/\/staging.bl.is\/?product=ikamper-skycamp-3-0-mini-rocky-black-matte#breadcrumb"},"inLanguage":"is","potentialAction":[{"@type":"ReadAction","target":["https:\/\/staging.bl.is\/?product=ikamper-skycamp-3-0-mini-rocky-black-matte"]}]},{"@type":"BreadcrumbList","@id":"https:\/\/staging.bl.is\/?product=ikamper-skycamp-3-0-mini-rocky-black-matte#breadcrumb","itemListElement":[{"@type":"ListItem","position":1,"name":"Home","item":"https:\/\/staging.bl.is\/"},{"@type":"ListItem","position":2,"name":"Shop","item":"https:\/\/staging.bl.is\/?page_id=6"},{"@type":"ListItem","position":3,"name":"iKamper Skycamp 3.0 Mini &#8211; Rocky Black, Matte"}]},{"@type":"WebSite","@id":"https:\/\/staging.bl.is\/#website","url":"https:\/\/staging.bl.is\/","name":"Vefverslun BL","description":"Vefverslun BL","publisher":{"@id":"https:\/\/staging.bl.is\/#organization"},"potentialAction":[{"@type":"SearchAction","target":{"@type":"EntryPoint","urlTemplate":"https:\/\/staging.bl.is\/?s={search_term_string}"},"query-input":"required name=search_term_string"}],"inLanguage":"is"},{"@type":"Organization","@id":"https:\/\/staging.bl.is\/#organization","name":"Vefverslun BL","url":"https:\/\/staging.bl.is\/","logo":{"@type":"ImageObject","inLanguage":"is","@id":"https:\/\/staging.bl.is\/#\/schema\/logo\/image\/","url":"https:\/\/staging.bl.is\/wp-content\/uploads\/2022\/10\/BL_Logo_75x48.png","contentUrl":"https:\/\/staging.bl.is\/wp-content\/uploads\/2022\/10\/BL_Logo_75x48.png","width":75,"height":48,"caption":"Vefverslun BL"},"image":{"@id":"https:\/\/staging.bl.is\/#\/schema\/logo\/image\/"}}]}},"_links":{"self":[{"href":"https:\/\/staging.bl.is\/index.php?rest_route=\/wp\/v2\/product\/641","targetHints":{"allow":["GET"]}}],"collection":[{"href":"https:\/\/staging.bl.is\/index.php?rest_route=\/wp\/v2\/product"}],"about":[{"href":"https:\/\/staging.bl.is\/index.php?rest_route=\/wp\/v2\/types\/product"}],"wp:featuredmedia":[{"embeddable":true,"href":"https:\/\/staging.bl.is\/index.php?rest_route=\/wp\/v2\/media\/656"}],"wp:attachment":[{"href":"https:\/\/staging.bl.is\/index.php?rest_route=%2Fwp%2Fv2%2Fmedia&parent=641"}],"wp:term":[{"taxonomy":"product_cat","embeddable":true,"href":"https:\/\/staging.bl.is\/index.php?rest_route=%2Fwp%2Fv2%2Fproduct_cat&post=641"},{"taxonomy":"product_tag","embeddable":true,"href":"https:\/\/staging.bl.is\/index.php?rest_route=%2Fwp%2Fv2%2Fproduct_tag&post=641"}],"curies":[{"name":"wp","href":"https:\/\/api.w.org\/{rel}","templated":true}]}}