{"id":335,"date":"2022-10-27T21:07:25","date_gmt":"2022-10-27T21:07:25","guid":{"rendered":"https:\/\/staging.bl.is\/?post_type=product&#038;p=335"},"modified":"2022-10-27T21:06:46","modified_gmt":"2022-10-27T21:06:46","slug":"ubco-2x2-adv-rafbifhjol","status":"publish","type":"product","link":"https:\/\/staging.bl.is\/?product=ubco-2x2-adv-rafbifhjol","title":{"rendered":"UBCO 2&#215;2 ADV rafbifhj\u00f3l"},"content":{"rendered":"<p><span lang=\"IS\">Skemmtilegt hj\u00f3l me\u00f0 drif \u00e1 b\u00e1\u00f0um hj\u00f3lum. G\u00f6tuskr\u00e1\u00f0 og tilb\u00fai\u00f0 \u00ed \u00e6vint\u00fdri, b\u00e6\u00f0i \u00e1 malbiki og utan vegar. Fullkomi\u00f0 fyrir helgarbr\u00f6lt \u00ed n\u00e1tt\u00farinnni.<\/span><\/p>\n<p><span lang=\"IS\">Hj\u00f3li\u00f0 hefur drif \u00e1 b\u00e1\u00f0um hj\u00f3lum sem gerir \u00fea\u00f0 fullkomi\u00f0 fyrir \u00edslenskt umhverfi. Hj\u00f3li\u00f0 er me\u00f0 sj\u00e1lfst\u00e6\u00f0ar tveggja \u00ferepa rafmagnsbremsur sem endurheimta bremsuorkuna og hla\u00f0a inn \u00e1 rafhl\u00f6\u00f0una og einnig hj\u00e1lpar kerfi\u00f0 vi\u00f0 a\u00f0 halda g\u00f3\u00f0ri stj\u00f3rn \u00e1 hj\u00f3linu.<\/span><\/p>\n<p><span lang=\"IS\">Hj\u00f3li\u00f0 er au\u00f0velt \u00ed akstri \u00fe\u00f6kk s\u00e9 sterka SuperX rammanum og l\u00e1gum \u00feyngdarpunkti \u00fat fr\u00e1 sta\u00f0setningu rafhl\u00f6\u00f0unnar. Stillanleg fj\u00f6\u00f0run h\u00e1markar n\u00fdtingu hj\u00f3lsins vi\u00f0 allar a\u00f0st\u00e6\u00f0ur.<\/span><\/p>\n<p><span lang=\"IS\">Bygging hj\u00f3lsins au\u00f0veldar flutning. Au\u00f0velt er a\u00f0 henda \u00fev\u00ed aftan \u00e1 jeppann og komast \u00feannig sem n\u00e6st \u00e1fangasta\u00f0num \u00e1 vegi og nota s\u00ed\u00f0an hj\u00f3li\u00f0 til \u00feess a\u00f0 fara \u00feanga\u00f0 sem b\u00edllinn kemst ekki.<\/span><\/p>\n<p><span lang=\"IS\">\u00dear sem hj\u00f3li\u00f0 er rafdrifi\u00f0 \u00fe\u00e1 er engin k\u00fapling e\u00f0a g\u00edrskipting og er \u00fev\u00ed au\u00f0velt fyrir hvern sem er \u00ed notkun. Einnig er hj\u00f3li\u00f0 me\u00f0 rafmagnsdrif \u00e1 b\u00e1\u00f0um hj\u00f3lum sem gerir \u00fea\u00f0 \u00f6flugt \u00ed sl\u00f3\u00f0aakstri.<\/span><\/p>\n<p><span lang=\"IS\">Hj\u00f3li\u00f0 hefur g\u00f3\u00f0a LED l\u00fdsingu fyrir kv\u00f6ldfer\u00f0arnar og vetrar\u00e6vint\u00fdrin. Einnig er g\u00f3\u00f0 l\u00e6sing \u00e1 hj\u00f3linu, notast er vi\u00f0 lykil til a\u00f0 kveikja \u00e1 \u00fev\u00ed og rafhl\u00f6\u00f0urnar l\u00e6sast einnig vi\u00f0 hj\u00f3li\u00f0 \u00feegar \u00feau eru sett \u00ed h\u00f3lfi\u00f0 sitt.<\/span><\/p>\n<p><span lang=\"IS\">Almenn t\u00e6knil\u00fdsing<\/span><\/p>\n<ul>\n<li><span lang=\"IS\">Rafhla\u00f0a: 2.1kWh<\/span><\/li>\n<li><span lang=\"IS\">\u00deyngd: 65.7kg<\/span><\/li>\n<li><span lang=\"IS\">H\u00e1markshra\u00f0i: 45km\/h<\/span><\/li>\n<li><span lang=\"IS\">H\u00e1marks dr\u00e6gni: 65-85km<\/span><\/li>\n<li><span lang=\"IS\">Hle\u00f0slut\u00edmi : 4 klukkut\u00edmar<\/span><\/li>\n<li><span lang=\"IS\">Inniheldur hra\u00f0hle\u00f0slut\u00e6ki<\/span><\/li>\n<\/ul>\n","protected":false},"excerpt":{"rendered":"<p><span lang=\"IS\">Skemmtilegt hj\u00f3l me\u00f0 drif \u00e1 b\u00e1\u00f0um hj\u00f3lum. G\u00f6tuskr\u00e1\u00f0 og tilb\u00fai\u00f0 \u00ed \u00e6vint\u00fdri, b\u00e6\u00f0i \u00e1 malbiki og utan vegar. Fullkomi\u00f0 fyrir helgarbr\u00f6lt \u00ed n\u00e1tt\u00farinnni.<\/span><\/p>\n","protected":false},"featured_media":381,"template":"","meta":[],"product_cat":[32],"product_tag":[],"class_list":{"0":"post-335","1":"product","2":"type-product","3":"status-publish","4":"has-post-thumbnail","6":"product_cat-rafhjol","8":"first","9":"instock","10":"taxable","11":"shipping-taxable","12":"purchasable","13":"product-type-variable"},"yoast_head":"<!-- This site is optimized with the Yoast SEO plugin v19.10 - https:\/\/yoast.com\/wordpress\/plugins\/seo\/ -->\n<title>UBCO 2x2 ADV rafbifhj\u00f3l - Vefverslun BL<\/title>\n<meta name=\"robots\" content=\"noindex, follow, max-snippet:-1, max-image-preview:large, max-video-preview:-1\" \/>\n<meta property=\"og:locale\" content=\"is_IS\" \/>\n<meta property=\"og:type\" content=\"article\" \/>\n<meta property=\"og:title\" content=\"UBCO 2x2 ADV rafbifhj\u00f3l - Vefverslun BL\" \/>\n<meta property=\"og:description\" content=\"Skemmtilegt hj\u00f3l me\u00f0 drif \u00e1 b\u00e1\u00f0um hj\u00f3lum. G\u00f6tuskr\u00e1\u00f0 og tilb\u00fai\u00f0 \u00ed \u00e6vint\u00fdri, b\u00e6\u00f0i \u00e1 malbiki og utan vegar. Fullkomi\u00f0 fyrir helgarbr\u00f6lt \u00ed n\u00e1tt\u00farinnni.\" \/>\n<meta property=\"og:url\" content=\"https:\/\/staging.bl.is\/?product=ubco-2x2-adv-rafbifhjol\" \/>\n<meta property=\"og:site_name\" content=\"Vefverslun BL\" \/>\n<meta property=\"article:modified_time\" content=\"2022-10-27T21:06:46+00:00\" \/>\n<meta property=\"og:image\" content=\"https:\/\/staging.bl.is\/wp-content\/uploads\/2022\/10\/2x2F-2.jpg\" \/>\n\t<meta property=\"og:image:width\" content=\"600\" \/>\n\t<meta property=\"og:image:height\" content=\"400\" \/>\n\t<meta property=\"og:image:type\" content=\"image\/jpeg\" \/>\n<meta name=\"twitter:card\" content=\"summary_large_image\" \/>\n<meta name=\"twitter:label1\" content=\"Est. reading time\" \/>\n\t<meta name=\"twitter:data1\" content=\"1 minute\" \/>\n<script type=\"application\/ld+json\" class=\"yoast-schema-graph\">{\"@context\":\"https:\/\/schema.org\",\"@graph\":[{\"@type\":\"WebPage\",\"@id\":\"https:\/\/staging.bl.is\/?product=ubco-2x2-adv-rafbifhjol\",\"url\":\"https:\/\/staging.bl.is\/?product=ubco-2x2-adv-rafbifhjol\",\"name\":\"UBCO 2x2 ADV rafbifhj\u00f3l - Vefverslun BL\",\"isPartOf\":{\"@id\":\"https:\/\/staging.bl.is\/#website\"},\"datePublished\":\"2022-10-27T21:07:25+00:00\",\"dateModified\":\"2022-10-27T21:06:46+00:00\",\"breadcrumb\":{\"@id\":\"https:\/\/staging.bl.is\/?product=ubco-2x2-adv-rafbifhjol#breadcrumb\"},\"inLanguage\":\"is\",\"potentialAction\":[{\"@type\":\"ReadAction\",\"target\":[\"https:\/\/staging.bl.is\/?product=ubco-2x2-adv-rafbifhjol\"]}]},{\"@type\":\"BreadcrumbList\",\"@id\":\"https:\/\/staging.bl.is\/?product=ubco-2x2-adv-rafbifhjol#breadcrumb\",\"itemListElement\":[{\"@type\":\"ListItem\",\"position\":1,\"name\":\"Home\",\"item\":\"https:\/\/staging.bl.is\/\"},{\"@type\":\"ListItem\",\"position\":2,\"name\":\"Shop\",\"item\":\"https:\/\/staging.bl.is\/?page_id=6\"},{\"@type\":\"ListItem\",\"position\":3,\"name\":\"UBCO 2&#215;2 ADV rafbifhj\u00f3l\"}]},{\"@type\":\"WebSite\",\"@id\":\"https:\/\/staging.bl.is\/#website\",\"url\":\"https:\/\/staging.bl.is\/\",\"name\":\"Vefverslun BL\",\"description\":\"Vefverslun BL\",\"publisher\":{\"@id\":\"https:\/\/staging.bl.is\/#organization\"},\"potentialAction\":[{\"@type\":\"SearchAction\",\"target\":{\"@type\":\"EntryPoint\",\"urlTemplate\":\"https:\/\/staging.bl.is\/?s={search_term_string}\"},\"query-input\":\"required name=search_term_string\"}],\"inLanguage\":\"is\"},{\"@type\":\"Organization\",\"@id\":\"https:\/\/staging.bl.is\/#organization\",\"name\":\"Vefverslun BL\",\"url\":\"https:\/\/staging.bl.is\/\",\"logo\":{\"@type\":\"ImageObject\",\"inLanguage\":\"is\",\"@id\":\"https:\/\/staging.bl.is\/#\/schema\/logo\/image\/\",\"url\":\"https:\/\/staging.bl.is\/wp-content\/uploads\/2022\/10\/BL_Logo_75x48.png\",\"contentUrl\":\"https:\/\/staging.bl.is\/wp-content\/uploads\/2022\/10\/BL_Logo_75x48.png\",\"width\":75,\"height\":48,\"caption\":\"Vefverslun BL\"},\"image\":{\"@id\":\"https:\/\/staging.bl.is\/#\/schema\/logo\/image\/\"}}]}<\/script>\n<!-- \/ Yoast SEO plugin. -->","yoast_head_json":{"title":"UBCO 2x2 ADV rafbifhj\u00f3l - Vefverslun BL","robots":{"index":"noindex","follow":"follow","max-snippet":"max-snippet:-1","max-image-preview":"max-image-preview:large","max-video-preview":"max-video-preview:-1"},"og_locale":"is_IS","og_type":"article","og_title":"UBCO 2x2 ADV rafbifhj\u00f3l - Vefverslun BL","og_description":"Skemmtilegt hj\u00f3l me\u00f0 drif \u00e1 b\u00e1\u00f0um hj\u00f3lum. G\u00f6tuskr\u00e1\u00f0 og tilb\u00fai\u00f0 \u00ed \u00e6vint\u00fdri, b\u00e6\u00f0i \u00e1 malbiki og utan vegar. Fullkomi\u00f0 fyrir helgarbr\u00f6lt \u00ed n\u00e1tt\u00farinnni.","og_url":"https:\/\/staging.bl.is\/?product=ubco-2x2-adv-rafbifhjol","og_site_name":"Vefverslun BL","article_modified_time":"2022-10-27T21:06:46+00:00","og_image":[{"width":600,"height":400,"url":"https:\/\/staging.bl.is\/wp-content\/uploads\/2022\/10\/2x2F-2.jpg","type":"image\/jpeg"}],"twitter_card":"summary_large_image","twitter_misc":{"Est. reading time":"1 minute"},"schema":{"@context":"https:\/\/schema.org","@graph":[{"@type":"WebPage","@id":"https:\/\/staging.bl.is\/?product=ubco-2x2-adv-rafbifhjol","url":"https:\/\/staging.bl.is\/?product=ubco-2x2-adv-rafbifhjol","name":"UBCO 2x2 ADV rafbifhj\u00f3l - Vefverslun BL","isPartOf":{"@id":"https:\/\/staging.bl.is\/#website"},"datePublished":"2022-10-27T21:07:25+00:00","dateModified":"2022-10-27T21:06:46+00:00","breadcrumb":{"@id":"https:\/\/staging.bl.is\/?product=ubco-2x2-adv-rafbifhjol#breadcrumb"},"inLanguage":"is","potentialAction":[{"@type":"ReadAction","target":["https:\/\/staging.bl.is\/?product=ubco-2x2-adv-rafbifhjol"]}]},{"@type":"BreadcrumbList","@id":"https:\/\/staging.bl.is\/?product=ubco-2x2-adv-rafbifhjol#breadcrumb","itemListElement":[{"@type":"ListItem","position":1,"name":"Home","item":"https:\/\/staging.bl.is\/"},{"@type":"ListItem","position":2,"name":"Shop","item":"https:\/\/staging.bl.is\/?page_id=6"},{"@type":"ListItem","position":3,"name":"UBCO 2&#215;2 ADV rafbifhj\u00f3l"}]},{"@type":"WebSite","@id":"https:\/\/staging.bl.is\/#website","url":"https:\/\/staging.bl.is\/","name":"Vefverslun BL","description":"Vefverslun BL","publisher":{"@id":"https:\/\/staging.bl.is\/#organization"},"potentialAction":[{"@type":"SearchAction","target":{"@type":"EntryPoint","urlTemplate":"https:\/\/staging.bl.is\/?s={search_term_string}"},"query-input":"required name=search_term_string"}],"inLanguage":"is"},{"@type":"Organization","@id":"https:\/\/staging.bl.is\/#organization","name":"Vefverslun BL","url":"https:\/\/staging.bl.is\/","logo":{"@type":"ImageObject","inLanguage":"is","@id":"https:\/\/staging.bl.is\/#\/schema\/logo\/image\/","url":"https:\/\/staging.bl.is\/wp-content\/uploads\/2022\/10\/BL_Logo_75x48.png","contentUrl":"https:\/\/staging.bl.is\/wp-content\/uploads\/2022\/10\/BL_Logo_75x48.png","width":75,"height":48,"caption":"Vefverslun BL"},"image":{"@id":"https:\/\/staging.bl.is\/#\/schema\/logo\/image\/"}}]}},"_links":{"self":[{"href":"https:\/\/staging.bl.is\/index.php?rest_route=\/wp\/v2\/product\/335","targetHints":{"allow":["GET"]}}],"collection":[{"href":"https:\/\/staging.bl.is\/index.php?rest_route=\/wp\/v2\/product"}],"about":[{"href":"https:\/\/staging.bl.is\/index.php?rest_route=\/wp\/v2\/types\/product"}],"wp:featuredmedia":[{"embeddable":true,"href":"https:\/\/staging.bl.is\/index.php?rest_route=\/wp\/v2\/media\/381"}],"wp:attachment":[{"href":"https:\/\/staging.bl.is\/index.php?rest_route=%2Fwp%2Fv2%2Fmedia&parent=335"}],"wp:term":[{"taxonomy":"product_cat","embeddable":true,"href":"https:\/\/staging.bl.is\/index.php?rest_route=%2Fwp%2Fv2%2Fproduct_cat&post=335"},{"taxonomy":"product_tag","embeddable":true,"href":"https:\/\/staging.bl.is\/index.php?rest_route=%2Fwp%2Fv2%2Fproduct_tag&post=335"}],"curies":[{"name":"wp","href":"https:\/\/api.w.org\/{rel}","templated":true}]}}